{"id":97,"date":"2013-05-27T19:50:01","date_gmt":"2013-05-27T17:50:01","guid":{"rendered":"http:\/\/s471601251.mialojamiento.es\/?page_id=97"},"modified":"2019-06-30T16:09:59","modified_gmt":"2019-06-30T14:09:59","slug":"sobre-a-f-a","status":"publish","type":"page","link":"https:\/\/afalcala.com.es\/?page_id=97","title":{"rendered":"Sobre A.F.A."},"content":{"rendered":"<h1 style=\"text-align: center;\">Sobre A.F.A.<\/h1>\n<h3 style=\"text-align: center;\"><em>La Asociaci\u00f3n Fotogr\u00e1fica Alcalare\u00f1a (A.F.A.), naci\u00f3 el 25 de Julio del a\u00f1o 2008, como resultado de muchas conversaciones en la puerta de la Casa de la Cultura de Alcal\u00e1 de Guada\u00edra.<\/em><\/h3>\n<p>La intenci\u00f3n era llenar el vac\u00edo que hab\u00eda en nuestro pueblo sobre asociaciones de \u00e9ste tipo y actividades relacionadas con nuestra afici\u00f3n, que hasta el momento eran pr\u00e1cticamente nulas. Despu\u00e9s de muchas reuniones, charlas y problemas iniciales, se constituy\u00f3 oficialmente nuestra asociaci\u00f3n registr\u00e1ndose legalmente en todo el organismo necesario (inscrito en el Registro de Asociaciones de Andaluc\u00eda con el n\u00famero 12454 e Inscrito en el Registro de Asociaciones del municipio de Alcal\u00e1 de Guada\u00edra&nbsp;con el n\u00famero 304). Recientemente recogida por la Federaci\u00f3n Andaluza de Fotograf\u00eda F.A.F..<\/p>\n<p>Desde aquellos complicados primeros d\u00edas, hemos realizado infinidad de actividades, como son: excursiones, cursos, charlas, reportajes, reuniones, proyecciones, exposiciones pero sobre todo hemos hecho fotos, miles y miles de fotos, comparti\u00e9ndolas con los dem\u00e1s, aprendiendo de las cr\u00edticas de unos y de otros compa\u00f1eros, siempre buscando la mejora continua. De \u00e9sta manera, aprendemos entre nosotros, mejorando las t\u00e9cnicas y siempre desde el lado de pasar un buen rato compartiendo lo que realmente nos apasiona, la Fotograf\u00eda.<\/p>\n<p>Nuestro prop\u00f3sito es seguir en esa l\u00ednea, mejorar como asociaci\u00f3n y compartir nuestros conocimientos con todas aquellas personas afines a este mundo tan fascinante. A d\u00eda de hoy contamos con socios expertos en fotograf\u00eda macro, en astro fotograf\u00eda, fotograf\u00eda de retrato, fotograf\u00eda de todo tipos de eventos, iluminaci\u00f3n con flash, iluminaci\u00f3n de estudio y un largo etc, pero lo m\u00e1s importante es que todos compartimos nuestras vivencias y nuestros conocimientos, haciendo participe al nuevo amigo, al nuevo socio.<\/p>\n<p>Desde aqu\u00ed queremos aprovechar para dar las gracias a todas las entidades y personas que nos ayudan en nuestro camino, as\u00ed como a las empresas colaboradoras, que tanto nos apoyan.<\/p>\n<p>Much\u00edsimas Gracias.<\/p>\n<p>&nbsp;<a href=\"http:\/\/s471601251.mialojamiento.es\/wp-content\/uploads\/2013\/05\/tribal.jpg\"><img loading=\"lazy\" decoding=\"async\" class=\"size-medium wp-image-9 aligncenter\" src=\"http:\/\/s471601251.mialojamiento.es\/wp-content\/uploads\/2013\/05\/tribal-300x70.jpg\" alt=\"tribal\" width=\"300\" height=\"70\" srcset=\"https:\/\/afalcala.com.es\/wp-content\/uploads\/2013\/05\/tribal-300x70.jpg 300w, https:\/\/afalcala.com.es\/wp-content\/uploads\/2013\/05\/tribal.jpg 800w\" sizes=\"auto, (max-width: 300px) 100vw, 300px\" \/><\/a><\/p>\n","protected":false},"excerpt":{"rendered":"<p>Sobre A.F.A. La Asociaci\u00f3n Fotogr\u00e1fica Alcalare\u00f1a (A.F.A.), naci\u00f3 el 25 de Julio del a\u00f1o 2008, como resultado de muchas conversaciones en la puerta de la Casa de la Cultura de Alcal\u00e1 de Guada\u00edra. La intenci\u00f3n era llenar el vac\u00edo que hab\u00eda en nuestro pueblo sobre asociaciones de \u00e9ste tipo y actividades relacionadas con nuestra afici\u00f3n, [&hellip;]<\/p>\n","protected":false},"author":1,"featured_media":0,"parent":0,"menu_order":0,"comment_status":"closed","ping_status":"open","template":"","meta":{"ngg_post_thumbnail":0,"footnotes":""},"class_list":["post-97","page","type-page","status-publish","hentry"],"_links":{"self":[{"href":"https:\/\/afalcala.com.es\/index.php?rest_route=\/wp\/v2\/pages\/97","targetHints":{"allow":["GET"]}}],"collection":[{"href":"https:\/\/afalcala.com.es\/index.php?rest_route=\/wp\/v2\/pages"}],"about":[{"href":"https:\/\/afalcala.com.es\/index.php?rest_route=\/wp\/v2\/types\/page"}],"author":[{"embeddable":true,"href":"https:\/\/afalcala.com.es\/index.php?rest_route=\/wp\/v2\/users\/1"}],"replies":[{"embeddable":true,"href":"https:\/\/afalcala.com.es\/index.php?rest_route=%2Fwp%2Fv2%2Fcomments&post=97"}],"version-history":[{"count":3,"href":"https:\/\/afalcala.com.es\/index.php?rest_route=\/wp\/v2\/pages\/97\/revisions"}],"predecessor-version":[{"id":4495,"href":"https:\/\/afalcala.com.es\/index.php?rest_route=\/wp\/v2\/pages\/97\/revisions\/4495"}],"wp:attachment":[{"href":"https:\/\/afalcala.com.es\/index.php?rest_route=%2Fwp%2Fv2%2Fmedia&parent=97"}],"curies":[{"name":"wp","href":"https:\/\/api.w.org\/{rel}","templated":true}]}}