{"id":95,"date":"2013-05-27T19:47:54","date_gmt":"2013-05-27T17:47:54","guid":{"rendered":"http:\/\/s471601251.mialojamiento.es\/?page_id=95"},"modified":"2019-04-11T13:47:39","modified_gmt":"2019-04-11T11:47:39","slug":"a-f-a-en-imagenes","status":"publish","type":"page","link":"https:\/\/afalcala.com.es\/?page_id=95","title":{"rendered":"A.F.A. en Im\u00e1genes"},"content":{"rendered":"<h2 style=\"text-align: center;\">Algunas im\u00e1genes que muestran a nuestros socios en acci\u00f3n en diferentes momentos y situaciones.<\/h2>\n<p>&nbsp;<\/p>\n<h3 style=\"text-align: center;\">Kdd de la ASOCIACI\u00d3N FOTOGRAFICA ALCALARE\u00d1A<\/h3>\n<p style=\"text-align: center;\"><a href=\"http:\/\/s471601251.mialojamiento.es\/wp-content\/uploads\/2013\/05\/1.jpg\"><img loading=\"lazy\" decoding=\"async\" class=\"alignnone size-medium wp-image-114\" alt=\"1\" src=\"http:\/\/s471601251.mialojamiento.es\/wp-content\/uploads\/2013\/05\/1-300x199.jpg\" width=\"300\" height=\"199\" srcset=\"https:\/\/afalcala.com.es\/wp-content\/uploads\/2013\/05\/1-300x199.jpg 300w, https:\/\/afalcala.com.es\/wp-content\/uploads\/2013\/05\/1-150x100.jpg 150w, https:\/\/afalcala.com.es\/wp-content\/uploads\/2013\/05\/1.jpg 725w\" sizes=\"auto, (max-width: 300px) 100vw, 300px\" \/><\/a><\/p>\n<p style=\"text-align: center;\">\n<h3 style=\"text-align: center;\">Sesi\u00f3n con Geisha<\/h3>\n<p style=\"text-align: center;\"><a href=\"http:\/\/s471601251.mialojamiento.es\/wp-content\/uploads\/2013\/05\/2.jpg\"><img loading=\"lazy\" decoding=\"async\" class=\"alignnone size-medium wp-image-115\" alt=\"2\" src=\"http:\/\/s471601251.mialojamiento.es\/wp-content\/uploads\/2013\/05\/2-300x200.jpg\" width=\"300\" height=\"200\" srcset=\"https:\/\/afalcala.com.es\/wp-content\/uploads\/2013\/05\/2-300x200.jpg 300w, https:\/\/afalcala.com.es\/wp-content\/uploads\/2013\/05\/2-150x100.jpg 150w, https:\/\/afalcala.com.es\/wp-content\/uploads\/2013\/05\/2.jpg 750w\" sizes=\"auto, (max-width: 300px) 100vw, 300px\" \/><\/a><\/p>\n<p style=\"text-align: center;\">\n<h3 style=\"text-align: center;\">TOM SAWYER Kdd de Asociaci\u00f3n Fotografica Alcalare\u00f1a<\/h3>\n<p style=\"text-align: center;\"><a href=\"http:\/\/s471601251.mialojamiento.es\/wp-content\/uploads\/2013\/05\/3.jpg\"><img loading=\"lazy\" decoding=\"async\" class=\"alignnone size-medium wp-image-116\" alt=\"3\" src=\"http:\/\/s471601251.mialojamiento.es\/wp-content\/uploads\/2013\/05\/3-300x199.jpg\" width=\"300\" height=\"199\" srcset=\"https:\/\/afalcala.com.es\/wp-content\/uploads\/2013\/05\/3-300x199.jpg 300w, https:\/\/afalcala.com.es\/wp-content\/uploads\/2013\/05\/3-150x100.jpg 150w, https:\/\/afalcala.com.es\/wp-content\/uploads\/2013\/05\/3.jpg 725w\" sizes=\"auto, (max-width: 300px) 100vw, 300px\" \/><\/a><\/p>\n<p style=\"text-align: center;\">\n<h3 style=\"text-align: center;\">Kdd en el Convento de Carmona Nocturna terror\u00edfica.<\/h3>\n<p style=\"text-align: center;\"><a href=\"http:\/\/s471601251.mialojamiento.es\/wp-content\/uploads\/2013\/05\/4.jpg\"><img loading=\"lazy\" decoding=\"async\" class=\"alignnone size-medium wp-image-117\" alt=\"4\" src=\"http:\/\/s471601251.mialojamiento.es\/wp-content\/uploads\/2013\/05\/4-300x199.jpg\" width=\"300\" height=\"199\" srcset=\"https:\/\/afalcala.com.es\/wp-content\/uploads\/2013\/05\/4-300x199.jpg 300w, https:\/\/afalcala.com.es\/wp-content\/uploads\/2013\/05\/4-150x100.jpg 150w, https:\/\/afalcala.com.es\/wp-content\/uploads\/2013\/05\/4.jpg 725w\" sizes=\"auto, (max-width: 300px) 100vw, 300px\" \/><\/a><\/p>\n<p style=\"text-align: center;\">\n<p style=\"text-align: center;\"><a href=\"http:\/\/s471601251.mialojamiento.es\/wp-content\/uploads\/2013\/05\/5.jpg\"><img loading=\"lazy\" decoding=\"async\" class=\"alignnone size-medium wp-image-118\" alt=\"5\" src=\"http:\/\/s471601251.mialojamiento.es\/wp-content\/uploads\/2013\/05\/5-300x200.jpg\" width=\"300\" height=\"200\" srcset=\"https:\/\/afalcala.com.es\/wp-content\/uploads\/2013\/05\/5-300x200.jpg 300w, https:\/\/afalcala.com.es\/wp-content\/uploads\/2013\/05\/5-150x100.jpg 150w, https:\/\/afalcala.com.es\/wp-content\/uploads\/2013\/05\/5.jpg 720w\" sizes=\"auto, (max-width: 300px) 100vw, 300px\" \/><\/a> <a href=\"http:\/\/s471601251.mialojamiento.es\/wp-content\/uploads\/2013\/05\/6.jpg\"><img loading=\"lazy\" decoding=\"async\" class=\"alignnone size-medium wp-image-119\" alt=\"6\" src=\"http:\/\/s471601251.mialojamiento.es\/wp-content\/uploads\/2013\/05\/6-300x200.jpg\" width=\"300\" height=\"200\" srcset=\"https:\/\/afalcala.com.es\/wp-content\/uploads\/2013\/05\/6-300x200.jpg 300w, https:\/\/afalcala.com.es\/wp-content\/uploads\/2013\/05\/6-150x100.jpg 150w, https:\/\/afalcala.com.es\/wp-content\/uploads\/2013\/05\/6.jpg 750w\" sizes=\"auto, (max-width: 300px) 100vw, 300px\" \/><\/a><\/p>\n<p style=\"text-align: center;\">\n<h3 style=\"text-align: center;\">Foto de grupo en San Nicolas del Puerto<\/h3>\n<p style=\"text-align: center;\"><a href=\"http:\/\/s471601251.mialojamiento.es\/wp-content\/uploads\/2013\/05\/7.jpg\"><img loading=\"lazy\" decoding=\"async\" class=\"alignnone size-medium wp-image-120\" alt=\"7\" src=\"http:\/\/s471601251.mialojamiento.es\/wp-content\/uploads\/2013\/05\/7-300x200.jpg\" width=\"300\" height=\"200\" srcset=\"https:\/\/afalcala.com.es\/wp-content\/uploads\/2013\/05\/7-300x200.jpg 300w, https:\/\/afalcala.com.es\/wp-content\/uploads\/2013\/05\/7-150x100.jpg 150w, https:\/\/afalcala.com.es\/wp-content\/uploads\/2013\/05\/7.jpg 750w\" sizes=\"auto, (max-width: 300px) 100vw, 300px\" \/><\/a><\/p>\n<p style=\"text-align: center;\">\n<p style=\"text-align: center;\">\n<p style=\"text-align: center;\">\n","protected":false},"excerpt":{"rendered":"<p>Algunas im\u00e1genes que muestran a nuestros socios en acci\u00f3n en diferentes momentos y situaciones. &nbsp; Kdd de la ASOCIACI\u00d3N FOTOGRAFICA ALCALARE\u00d1A Sesi\u00f3n con Geisha TOM SAWYER Kdd de Asociaci\u00f3n Fotografica Alcalare\u00f1a Kdd en el Convento de Carmona Nocturna terror\u00edfica. Foto de grupo en San Nicolas del Puerto<\/p>\n","protected":false},"author":1,"featured_media":0,"parent":0,"menu_order":5,"comment_status":"closed","ping_status":"open","template":"","meta":{"ngg_post_thumbnail":0,"footnotes":""},"class_list":["post-95","page","type-page","status-publish","hentry"],"_links":{"self":[{"href":"https:\/\/afalcala.com.es\/index.php?rest_route=\/wp\/v2\/pages\/95","targetHints":{"allow":["GET"]}}],"collection":[{"href":"https:\/\/afalcala.com.es\/index.php?rest_route=\/wp\/v2\/pages"}],"about":[{"href":"https:\/\/afalcala.com.es\/index.php?rest_route=\/wp\/v2\/types\/page"}],"author":[{"embeddable":true,"href":"https:\/\/afalcala.com.es\/index.php?rest_route=\/wp\/v2\/users\/1"}],"replies":[{"embeddable":true,"href":"https:\/\/afalcala.com.es\/index.php?rest_route=%2Fwp%2Fv2%2Fcomments&post=95"}],"version-history":[{"count":3,"href":"https:\/\/afalcala.com.es\/index.php?rest_route=\/wp\/v2\/pages\/95\/revisions"}],"predecessor-version":[{"id":3917,"href":"https:\/\/afalcala.com.es\/index.php?rest_route=\/wp\/v2\/pages\/95\/revisions\/3917"}],"wp:attachment":[{"href":"https:\/\/afalcala.com.es\/index.php?rest_route=%2Fwp%2Fv2%2Fmedia&parent=95"}],"curies":[{"name":"wp","href":"https:\/\/api.w.org\/{rel}","templated":true}]}}