{"id":88,"date":"2013-05-27T19:43:31","date_gmt":"2013-05-27T17:43:31","guid":{"rendered":"http:\/\/s471601251.mialojamiento.es\/?page_id=88"},"modified":"2014-12-19T00:10:34","modified_gmt":"2014-12-18T23:10:34","slug":"videos-a-f-a","status":"publish","type":"page","link":"https:\/\/afalcala.com.es\/?page_id=88","title":{"rendered":"Videos A.F.A."},"content":{"rendered":"<h3>En esta seccion podras ver videos relacionados con nuestra asociaci\u00f3n.<\/h3>\n<p><em>Para ver los videos clic sobre la imagen\u00a0<\/em><\/p>\n<h3>Comida A.F.A. 2014<\/h3>\n<p><iframe loading=\"lazy\" title=\"COMIDA AFA_Navidad 2014.\" width=\"565\" height=\"318\" src=\"https:\/\/www.youtube.com\/embed\/toPohQydBNA?feature=oembed\" frameborder=\"0\" allow=\"accelerometer; autoplay; clipboard-write; encrypted-media; gyroscope; picture-in-picture; web-share\" referrerpolicy=\"strict-origin-when-cross-origin\" allowfullscreen><\/iframe><\/p>\n<h3>Indios con\u00a0A.F.A.<\/h3>\n<p><iframe loading=\"lazy\" src=\"\/\/www.youtube.com\/embed\/xGOxvGgc4zI\" width=\"560\" height=\"315\" frameborder=\"0\" allowfullscreen=\"allowfullscreen\"><\/iframe><\/p>\n<h3>Time-Lapse Bomberos con A.F.A.<\/h3>\n<p><iframe loading=\"lazy\" src=\"\/\/www.youtube.com\/embed\/748JwDz_WiA\" width=\"560\" height=\"315\" frameborder=\"0\" allowfullscreen=\"allowfullscreen\"><\/iframe><\/p>\n<h3>TALLER DE \u00abMINIMUNDOS\u00bb<\/h3>\n<p><iframe loading=\"lazy\" src=\"\/\/www.youtube.com\/embed\/_HXNJXJ0_gc\" width=\"560\" height=\"315\" frameborder=\"0\" allowfullscreen=\"allowfullscreen\"><\/iframe><br \/>\n<iframe loading=\"lazy\" src=\"\/\/player.vimeo.com\/video\/76607374\" width=\"560\" height=\"315\" frameborder=\"0\" allowfullscreen=\"allowfullscreen\"><\/iframe><\/p>\n<p>&nbsp;<\/p>\n<h3 id=\"watch-headline-title\">Taller edicion fotografia publicitaria\u00a0con A.F.A.<\/h3>\n<p><iframe loading=\"lazy\" src=\"\/\/www.youtube.com\/embed\/nPL7ioUWCBc\" width=\"560\" height=\"315\" frameborder=\"0\" allowfullscreen=\"allowfullscreen\"><\/iframe><\/p>\n<h3 id=\"watch-headline-title\">Taller Fotograf\u00eda Publicitaria con A.F.A.<\/h3>\n<p><iframe loading=\"lazy\" src=\"\/\/www.youtube.com\/embed\/Jv9hWqzzXWQ\" width=\"560\" height=\"315\" frameborder=\"0\" allowfullscreen=\"allowfullscreen\"><\/iframe><\/p>\n<h3>Buscando Perseidas&#8230;.<\/h3>\n<p><iframe loading=\"lazy\" src=\"\/\/www.youtube.com\/embed\/GfKxqeIof5k\" width=\"560\" height=\"315\" frameborder=\"0\" allowfullscreen=\"allowfullscreen\"><\/iframe><\/p>\n<h3>A.F.A. Nocturna Alcalare\u00f1a<\/h3>\n<p><iframe loading=\"lazy\" src=\"\/\/www.youtube.com\/embed\/kHll39DhTAI\" width=\"560\" height=\"315\" frameborder=\"0\" allowfullscreen=\"allowfullscreen\"><\/iframe><\/p>\n<h3>Presentaci\u00f3n WEB y Foro<\/h3>\n<p><iframe loading=\"lazy\" src=\"\/\/www.youtube.com\/embed\/UdlOUN6oICg\" width=\"560\" height=\"315\" frameborder=\"0\" allowfullscreen=\"allowfullscreen\"><\/iframe><\/p>\n<h3>IV Exposici\u00f3n de A.F.A.<\/h3>\n<p><iframe loading=\"lazy\" src=\"\/\/www.youtube.com\/embed\/I-nl-DvZS2o\" width=\"560\" height=\"315\" frameborder=\"0\" allowfullscreen=\"allowfullscreen\"><\/iframe><\/p>\n<h3>AFA Convivencia.<\/h3>\n<p><iframe loading=\"lazy\" src=\"\/\/www.youtube.com\/embed\/seASXclM0jQ\" width=\"560\" height=\"315\" frameborder=\"0\" allowfullscreen=\"allowfullscreen\"><\/iframe><\/p>\n<h3>Curso de Lightroom<\/h3>\n<p><iframe loading=\"lazy\" src=\"\/\/www.youtube.com\/embed\/0Nle0Z3KPDs\" width=\"560\" height=\"315\" frameborder=\"0\" allowfullscreen=\"allowfullscreen\"><\/iframe><\/p>\n<h3>Gladiator AFA<\/h3>\n<p><iframe loading=\"lazy\" src=\"\/\/www.youtube.com\/embed\/TksCpyH2qDk\" width=\"560\" height=\"315\" frameborder=\"0\" allowfullscreen=\"allowfullscreen\"><\/iframe><\/p>\n<h3><strong>Gladiadores con A.F.A.<\/strong> <iframe loading=\"lazy\" src=\"\/\/www.youtube.com\/embed\/G638z5WRd9A\" width=\"560\" height=\"315\" frameborder=\"0\" allowfullscreen=\"allowfullscreen\"><\/iframe><\/h3>\n<h3>Tom Sawyer con A.F.A. <iframe loading=\"lazy\" src=\"http:\/\/player.vimeo.com\/video\/13577230\" width=\"500\" height=\"291\" frameborder=\"0\" allowfullscreen=\"allowfullscreen\"><\/iframe><\/h3>\n<h3>Excursi\u00f3n a Granada con A.F.A.<\/h3>\n<p><iframe loading=\"lazy\" src=\"\/\/www.youtube.com\/embed\/UuH5CaCh8BE\" width=\"560\" height=\"315\" frameborder=\"0\" allowfullscreen=\"allowfullscreen\"><\/iframe><\/p>\n<h3>Bomberos del Aljarafe con A.F.A.<\/h3>\n<p><iframe loading=\"lazy\" src=\"\/\/www.youtube.com\/embed\/qE_ttjV3kyY\" width=\"560\" height=\"315\" frameborder=\"0\" allowfullscreen=\"allowfullscreen\"><\/iframe><\/p>\n<h3>A.F.A en San Nicol\u00e1s del Puerto (Sevilla)<\/h3>\n<p>&nbsp;<\/p>\n<p><iframe loading=\"lazy\" src=\"http:\/\/www.youtube.com\/embed\/n94FNyCNHfM\" width=\"420\" height=\"315\" frameborder=\"0\" allowfullscreen=\"allowfullscreen\"><\/iframe><\/p>\n<h3>\u00a0Casi 300 \u00ab1\u00aa Parte\u00bb<\/h3>\n<p><iframe loading=\"lazy\" src=\"http:\/\/player.vimeo.com\/video\/15491116\" width=\"500\" height=\"291\" frameborder=\"0\" allowfullscreen=\"allowfullscreen\"><\/iframe><\/p>\n<h3>\u00a0Casi 300 \u00ab2\u00aa Parte\u00bb<\/h3>\n<p><iframe loading=\"lazy\" src=\"http:\/\/player.vimeo.com\/video\/15522249\" width=\"500\" height=\"375\" frameborder=\"0\" allowfullscreen=\"allowfullscreen\"><\/iframe><\/p>\n<h3>Novias AFA<\/h3>\n<p><iframe loading=\"lazy\" src=\"\/\/www.youtube.com\/embed\/VyXihAM4u-A\" width=\"560\" height=\"315\" frameborder=\"0\" allowfullscreen=\"allowfullscreen\"><\/iframe><\/p>\n<h3>Cuevas: El Gato &#8211; El Hundidero<\/h3>\n<p><iframe loading=\"lazy\" src=\"\/\/www.youtube.com\/embed\/8W2CQ1Ctx2c\" width=\"560\" height=\"315\" frameborder=\"0\" allowfullscreen=\"allowfullscreen\"><\/iframe><br \/>\n<iframe loading=\"lazy\" src=\"\/\/www.youtube.com\/embed\/MBUu4E6CAgY\" width=\"560\" height=\"315\" frameborder=\"0\" allowfullscreen=\"allowfullscreen\"><\/iframe><\/p>\n<h3>Curso de strobist 10\u00a0de Septiembre<\/h3>\n<p><iframe loading=\"lazy\" src=\"http:\/\/www.youtube.com\/embed\/65ckyIU01Kc\" width=\"560\" height=\"315\" frameborder=\"0\" allowfullscreen=\"allowfullscreen\"><\/iframe><\/p>\n<h3>Curso de strobist 3\u00a0de Septiembre<\/h3>\n<p><iframe loading=\"lazy\" title=\"dia1\" width=\"565\" height=\"318\" src=\"https:\/\/www.youtube.com\/embed\/FUtrRBNHCd8?feature=oembed\" frameborder=\"0\" allow=\"accelerometer; autoplay; clipboard-write; encrypted-media; gyroscope; picture-in-picture; web-share\" referrerpolicy=\"strict-origin-when-cross-origin\" allowfullscreen><\/iframe><\/p>\n<h3>A.F.A en Linares de la Sierra<\/h3>\n<p><iframe loading=\"lazy\" src=\"http:\/\/www.youtube.com\/embed\/jNIbNv_iCTw\" width=\"560\" height=\"315\" frameborder=\"0\" allowfullscreen=\"allowfullscreen\"><\/iframe><\/p>\n<h3>II Exposici\u00f3n A.F.A<\/h3>\n<p><iframe loading=\"lazy\" src=\"http:\/\/www.youtube.com\/embed\/iiAZbgXCJXo\" width=\"560\" height=\"315\" frameborder=\"0\" allowfullscreen=\"allowfullscreen\"><\/iframe><\/p>\n<h3>Depredador en San nicol\u00e1s del Puerto<\/h3>\n<p><iframe loading=\"lazy\" src=\"http:\/\/www.youtube.com\/embed\/EIDoVRtSnE4\" width=\"560\" height=\"315\" frameborder=\"0\" allowfullscreen=\"allowfullscreen\"><\/iframe><\/p>\n","protected":false},"excerpt":{"rendered":"<p>En esta seccion podras ver videos relacionados con nuestra asociaci\u00f3n. Para ver los videos clic sobre la imagen\u00a0 Comida A.F.A. 2014 Indios con\u00a0A.F.A. Time-Lapse Bomberos con A.F.A. TALLER DE \u00abMINIMUNDOS\u00bb &nbsp; Taller edicion fotografia publicitaria\u00a0con A.F.A. Taller Fotograf\u00eda Publicitaria con A.F.A. Buscando Perseidas&#8230;. A.F.A. Nocturna Alcalare\u00f1a Presentaci\u00f3n WEB y Foro IV Exposici\u00f3n de A.F.A. AFA [&hellip;]<\/p>\n","protected":false},"author":1,"featured_media":0,"parent":0,"menu_order":0,"comment_status":"closed","ping_status":"open","template":"","meta":{"ngg_post_thumbnail":0,"footnotes":""},"class_list":["post-88","page","type-page","status-publish","hentry"],"_links":{"self":[{"href":"https:\/\/afalcala.com.es\/index.php?rest_route=\/wp\/v2\/pages\/88","targetHints":{"allow":["GET"]}}],"collection":[{"href":"https:\/\/afalcala.com.es\/index.php?rest_route=\/wp\/v2\/pages"}],"about":[{"href":"https:\/\/afalcala.com.es\/index.php?rest_route=\/wp\/v2\/types\/page"}],"author":[{"embeddable":true,"href":"https:\/\/afalcala.com.es\/index.php?rest_route=\/wp\/v2\/users\/1"}],"replies":[{"embeddable":true,"href":"https:\/\/afalcala.com.es\/index.php?rest_route=%2Fwp%2Fv2%2Fcomments&post=88"}],"version-history":[{"count":38,"href":"https:\/\/afalcala.com.es\/index.php?rest_route=\/wp\/v2\/pages\/88\/revisions"}],"predecessor-version":[{"id":1046,"href":"https:\/\/afalcala.com.es\/index.php?rest_route=\/wp\/v2\/pages\/88\/revisions\/1046"}],"wp:attachment":[{"href":"https:\/\/afalcala.com.es\/index.php?rest_route=%2Fwp%2Fv2%2Fmedia&parent=88"}],"curies":[{"name":"wp","href":"https:\/\/api.w.org\/{rel}","templated":true}]}}