{"id":5285,"date":"2022-04-01T20:53:01","date_gmt":"2022-04-01T18:53:01","guid":{"rendered":"https:\/\/afalcala.com.es\/?page_id=5285"},"modified":"2022-12-02T18:51:28","modified_gmt":"2022-12-02T17:51:28","slug":"retos-2022","status":"publish","type":"page","link":"https:\/\/afalcala.com.es\/?page_id=5285","title":{"rendered":"Retos 2022"},"content":{"rendered":"<p>Reto Noviembre: Vista de Hormiga<\/p>\n<p><img loading=\"lazy\" decoding=\"async\" class=\"alignnone wp-image-5333 size-medium\" src=\"https:\/\/afalcala.com.es\/wp-content\/uploads\/2022\/12\/Roberto-R.-Andrade-Seta-850x478.jpg\" alt=\"\" width=\"850\" height=\"478\"><\/p>\n<p>Ganador: Roberto Rogelio \u2014 T\u00edtulo: Seta<br><br>Reto Octubre: Reflejo<\/p>\n<p><img loading=\"lazy\" decoding=\"async\" class=\"alignnone wp-image-5330 size-medium\" src=\"https:\/\/afalcala.com.es\/wp-content\/uploads\/2022\/11\/Francisca-Perez-Jimenez-Un-nuevo-dia-comienza.-850x478.jpg\" alt=\"\" width=\"850\" height=\"478\"><br>Ganador: Francisca P\u00e9rez \u2014 T\u00edtulo: Un nuevo d\u00eda comienza<\/p>\n<p>Reto Septiembre: Comunicaci\u00f3n<\/p>\n<p><img loading=\"lazy\" decoding=\"async\" class=\"alignnone wp-image-5327 size-medium\" src=\"https:\/\/afalcala.com.es\/wp-content\/uploads\/2022\/10\/Vias-de-Comunicacion-Roberto-R.-Andrade-850x478.jpg\" alt=\"\" width=\"850\" height=\"478\"><br>Ganador: Roberto Rogelio \u2014 T\u00edtulo: Vias de Comunicaci\u00f3n<\/p>\n<p>Reto Junio: Cotidiano<\/p>\n<p><img loading=\"lazy\" decoding=\"async\" class=\"alignnone wp-image-5324 size-medium\" src=\"https:\/\/afalcala.com.es\/wp-content\/uploads\/2022\/07\/Hora-de-Leer-Roberto-R.-Andrade-850x478.jpg\" alt=\"\" width=\"850\" height=\"478\"><br>Ganador: Roberto Rogelio \u2014 T\u00edtulo: Hora de Leer<\/p>\n<p>Reto Mayo: Punto de fuga<\/p>\n<p><img loading=\"lazy\" decoding=\"async\" class=\"alignnone wp-image-5320 size-full\" src=\"https:\/\/afalcala.com.es\/wp-content\/uploads\/2022\/06\/Roberto-R-Andrade-Lido.jpg\" alt=\"\" width=\"567\" height=\"850\" srcset=\"https:\/\/afalcala.com.es\/wp-content\/uploads\/2022\/06\/Roberto-R-Andrade-Lido.jpg 567w, https:\/\/afalcala.com.es\/wp-content\/uploads\/2022\/06\/Roberto-R-Andrade-Lido-94x141.jpg 94w\" sizes=\"auto, (max-width: 567px) 100vw, 567px\" \/><br>Ganador: Roberto Rogelio \u2014 T\u00edtulo: Lido<\/p>\n<p>Reto Abril: Texturas<br><img loading=\"lazy\" decoding=\"async\" class=\"alignnone wp-image-5298 size-full\" src=\"https:\/\/afalcala.com.es\/wp-content\/uploads\/2022\/05\/Roberto-R-Andrade-Agua-Aceite-Luz.jpg\" alt=\"\" width=\"567\" height=\"850\" srcset=\"https:\/\/afalcala.com.es\/wp-content\/uploads\/2022\/05\/Roberto-R-Andrade-Agua-Aceite-Luz.jpg 567w, https:\/\/afalcala.com.es\/wp-content\/uploads\/2022\/05\/Roberto-R-Andrade-Agua-Aceite-Luz-94x141.jpg 94w\" sizes=\"auto, (max-width: 567px) 100vw, 567px\" \/><\/p>\n<p>&nbsp;<\/p>\n<p>Ganador: Roberto Rogelio \u2014 T\u00edtulo: Agua Aceite Luz<\/p>\n<p>Reto Marzo: Bokeh<\/p>\n<p><img loading=\"lazy\" decoding=\"async\" class=\"alignnone wp-image-5289 size-medium\" src=\"https:\/\/afalcala.com.es\/wp-content\/uploads\/2022\/04\/Amelia-Pardo-Calidez--567x478.jpg\" alt=\"\" width=\"567\" height=\"478\"><\/p>\n<p>Ganador: Amelia Pardo \u2014 T\u00edtulo: Calidez<\/p>\n<p>Reto Febrero: Caminos<\/p>\n<p><img loading=\"lazy\" decoding=\"async\" class=\"alignnone wp-image-5288 size-medium\" src=\"https:\/\/afalcala.com.es\/wp-content\/uploads\/2022\/04\/Roberto-R-Andrade-Curvas--567x478.jpg\" alt=\"\" width=\"567\" height=\"478\"><\/p>\n<p>Ganador: Roberto Rogelio \u2014 T\u00edtulo: Curvas<\/p>\n<p>Reto Enero: Perspectiva Forzada<\/p>\n<p><img loading=\"lazy\" decoding=\"async\" class=\"alignnone wp-image-5287 size-medium\" src=\"https:\/\/afalcala.com.es\/wp-content\/uploads\/2022\/04\/Jacobo-Gomez-Embotao-839x478.jpg\" alt=\"\" width=\"839\" height=\"478\"><\/p>\n<p>Ganador: Jacobo G\u00f3mez&nbsp; \u2014 T\u00edtulo: Embotao<\/p>\n\n\n<p><\/p>\n","protected":false},"excerpt":{"rendered":"<p>Reto Noviembre: Vista de Hormiga Ganador: Roberto Rogelio \u2014 T\u00edtulo: Seta Reto Octubre: Reflejo Ganador: Francisca P\u00e9rez \u2014 T\u00edtulo: Un nuevo d\u00eda comienza Reto Septiembre: Comunicaci\u00f3n Ganador: Roberto Rogelio \u2014 T\u00edtulo: Vias de Comunicaci\u00f3n Reto Junio: Cotidiano Ganador: Roberto Rogelio \u2014 T\u00edtulo: Hora de Leer Reto Mayo: Punto de fuga Ganador: Roberto Rogelio \u2014 T\u00edtulo: [&hellip;]<\/p>\n","protected":false},"author":1,"featured_media":0,"parent":0,"menu_order":0,"comment_status":"closed","ping_status":"closed","template":"","meta":{"ngg_post_thumbnail":0,"footnotes":""},"class_list":["post-5285","page","type-page","status-publish","hentry"],"_links":{"self":[{"href":"https:\/\/afalcala.com.es\/index.php?rest_route=\/wp\/v2\/pages\/5285","targetHints":{"allow":["GET"]}}],"collection":[{"href":"https:\/\/afalcala.com.es\/index.php?rest_route=\/wp\/v2\/pages"}],"about":[{"href":"https:\/\/afalcala.com.es\/index.php?rest_route=\/wp\/v2\/types\/page"}],"author":[{"embeddable":true,"href":"https:\/\/afalcala.com.es\/index.php?rest_route=\/wp\/v2\/users\/1"}],"replies":[{"embeddable":true,"href":"https:\/\/afalcala.com.es\/index.php?rest_route=%2Fwp%2Fv2%2Fcomments&post=5285"}],"version-history":[{"count":8,"href":"https:\/\/afalcala.com.es\/index.php?rest_route=\/wp\/v2\/pages\/5285\/revisions"}],"predecessor-version":[{"id":5334,"href":"https:\/\/afalcala.com.es\/index.php?rest_route=\/wp\/v2\/pages\/5285\/revisions\/5334"}],"wp:attachment":[{"href":"https:\/\/afalcala.com.es\/index.php?rest_route=%2Fwp%2Fv2%2Fmedia&parent=5285"}],"curies":[{"name":"wp","href":"https:\/\/api.w.org\/{rel}","templated":true}]}}