{"id":4680,"date":"2020-02-29T20:06:20","date_gmt":"2020-02-29T19:06:20","guid":{"rendered":"http:\/\/afalcala.com.es\/?page_id=4680"},"modified":"2020-02-29T20:35:23","modified_gmt":"2020-02-29T19:35:23","slug":"chema-madoz-objetos","status":"publish","type":"page","link":"https:\/\/afalcala.com.es\/?page_id=4680","title":{"rendered":"Chema Madoz, \u201cobjetos\u201d"},"content":{"rendered":"<p><img loading=\"lazy\" decoding=\"async\" class=\"aligncenter  wp-image-4696\" src=\"http:\/\/afalcala.com.es\/wp-content\/uploads\/2020\/02\/bombilla.jpg\" alt=\"\" width=\"260\" height=\"260\" srcset=\"https:\/\/afalcala.com.es\/wp-content\/uploads\/2020\/02\/bombilla.jpg 519w, https:\/\/afalcala.com.es\/wp-content\/uploads\/2020\/02\/bombilla-141x141.jpg 141w\" sizes=\"auto, (max-width: 260px) 100vw, 260px\" \/>Chema Madoz, Jos\u00e9 Mar\u00eda Rodr\u00edguez&nbsp;<strong>Madoz<\/strong>, nace en Madrid, un 20 de enero de 1958.<\/p>\n<p>Sus a\u00f1os universitarios los pas\u00f3 entre Historia del Arte en la Complutense y el Centro de Ense\u00f1anza de la Imagen donde cursa estudios de fotograf\u00eda.<\/p>\n<p>Es a partir de ese momento cuando Madoz empieza a trabajar la fotograf\u00eda con un estilo propio que m\u00e1s tarde le dar\u00eda el reconocimiento y prestigio como fot\u00f3grafo destacado.<\/p>\n<p>En 1985, a la edad de 27 a\u00f1os, presenta su primera exposici\u00f3n en la Real Academia Fotogr\u00e1fica de Madrid. Eran a\u00f1os en la que en Madrid la mayor\u00eda de fotograf\u00eda estaba en la calle siguiendo el fen\u00f3meno social que ser\u00eda recordado como \u201cLa movida Madrile\u00f1a\u201d. Mientras Madoz dirige su mirada hacia el universo de los objetos para sacer de ellos otro mundo visual.<\/p>\n<p>A partir de este momento, a\u00f1o tras a\u00f1o, no han faltado sus exposiciones individuales y colectivas tanto en ciudades espa\u00f1olas como europeas, americanas o asi\u00e1ticas en Museos, Galer\u00edas o Fundaciones.<\/p>\n<p>En Espa\u00f1a ha expuesto en la Real Sociedad Fotogr\u00e1fica de Madrid, en la Sala Minerva del C\u00edrculo de Bellas Artes (Madrid), en el Museo Nacional Centro de Arte Reina Sof\u00eda donde expuso \u201cCuatro direcciones: fotograf\u00eda contempor\u00e1nea espa\u00f1ola\u201d y \u201cObjetos 1990-1999\u201d, en el Centro Andaluz de la Fotograf\u00eda, en el Centro Gallego de Arte Contempor\u00e1neo\u2026<\/p>\n<p><img loading=\"lazy\" decoding=\"async\" class=\"aligncenter  wp-image-4699\" src=\"http:\/\/afalcala.com.es\/wp-content\/uploads\/2020\/02\/termormetro.jpg\" alt=\"\" width=\"402\" height=\"265\" srcset=\"https:\/\/afalcala.com.es\/wp-content\/uploads\/2020\/02\/termormetro.jpg 500w, https:\/\/afalcala.com.es\/wp-content\/uploads\/2020\/02\/termormetro-214x141.jpg 214w, https:\/\/afalcala.com.es\/wp-content\/uploads\/2020\/02\/termormetro-150x100.jpg 150w, https:\/\/afalcala.com.es\/wp-content\/uploads\/2020\/02\/termormetro-120x80.jpg 120w, https:\/\/afalcala.com.es\/wp-content\/uploads\/2020\/02\/termormetro-180x120.jpg 180w\" sizes=\"auto, (max-width: 402px) 100vw, 402px\" \/>Entre premios prestigiosos recibidos Chema Madoz ha sido galardonado con el Premio Kodak, con 33 a\u00f1os, 1991. M\u00e1s tarde, en el a\u00f1o 2000, con 42 a\u00f1os, recibe el <a href=\"http:\/\/www.culturaydeporte.gob.es\/cultura\/areas\/promociondelarte\/mc\/premiosbbaa\/pn-fotografia\/pnf\/premiados.html\">Premio Nacional de Fotograf\u00eda<\/a>, el Premio Higasiwaka en Jap\u00f3n, el <a href=\"https:\/\/www.phe.es\/phe-2019\/\">Premio PhotoEspa\u00f1a<\/a> y se le reconoce como \u201cAutor Destacado\u201d en la Bienal de Houston Fotofest.<\/p>\n<p>El <a href=\"http:\/\/www.culturaydeporte.gob.es\/cultura\/areas\/promociondelarte\/mc\/premiosbbaa\/pn-fotografia\/pnf\/premiados.html\">Premio Nacional de Fotograf\u00eda<\/a>, que al margen de la dotaci\u00f3n econ\u00f3mica, reconoce la obra del fot\u00f3grafo por su aportaci\u00f3n art\u00edstica al enriquecimiento del patrimonio cultural de Espa\u00f1a. Chema Madoz lo recibe, \u201c<em>por su aportaci\u00f3n a la fotograf\u00eda de un universo personal que indaga sobre las trampas de la visi\u00f3n y plantea un pensamiento que se resuelve en la misma imagen. Todo ello dotado de una iron\u00eda y un sentido del humor, as\u00ed como de una poes\u00eda visual<\/em>\u201d (Ministerio de Cultura y Deporte, 2000).<\/p>\n<p><img loading=\"lazy\" decoding=\"async\" class=\"aligncenter  wp-image-4697\" src=\"http:\/\/afalcala.com.es\/wp-content\/uploads\/2020\/02\/cerilla.jpg\" alt=\"\" width=\"240\" height=\"238\" srcset=\"https:\/\/afalcala.com.es\/wp-content\/uploads\/2020\/02\/cerilla.jpg 550w, https:\/\/afalcala.com.es\/wp-content\/uploads\/2020\/02\/cerilla-143x141.jpg 143w\" sizes=\"auto, (max-width: 240px) 100vw, 240px\" \/>En 2011, recibe el Premio Bartolom\u00e9 Ros de PhotoEspa\u00f1a. En 2013, se le otorga el Premio de Cultura de la Comunidad de Madrid. En 2014, recoge el Premio Nacional de Fotograf\u00eda \u2018Piedad Isla\u2019. Y recientemente ha recibido la Medalla de Oro al M\u00e9rito en las Bellas Artes (2019), que otorga el Ministerio de Cultura y Deporte.<\/p>\n<p>Este \u00faltimo galard\u00f3n distingue a las personas y entidades que hayan destacado en el campo de la creaci\u00f3n art\u00edstica y cultural o hayan prestado notorios servicios en el fomento, desarrollo o difusi\u00f3n del arte y la cultura o en la conservaci\u00f3n del patrimonio art\u00edstico.<\/p>\n<p>Tambi\u00e9n son numerosas las publicaciones (libros) que muestran el gran trabajo de este fot\u00f3grafo. Varias editoriales importantes le han ayudado a editar y publicar sus libros; Editorial Art-Plus de Madrid, Editorial Mestizo A.C. de Murcia y la editorial La F\u00e1brica.<\/p>\n<p>Para conocer m\u00e1s sobre la bibliograf\u00eda de Chame Madoz se puede visitar su p\u00e1gina web: <a href=\"http:\/\/www.chemamadoz.com\/\">Chema Madoz<\/a>.<\/p>\n<p>Chema Madoz es un fot\u00f3grafo que utiliza el blanco y negro para realizar sus fotograf\u00edas, casi siempre en un formato cuadrado. Si algo destaca de este autor a la hora de componer con el universo de \u201cobjetos\u201d que marcan su estilo inconfundible es la obsesi\u00f3n por la precisi\u00f3n de cada elemento que entra en juego en la fotograf\u00eda. Los objetos est\u00e1n colocados con una milim\u00e9trica exactitud, la simetr\u00eda de sus encuadres y una luz bella conforman una armon\u00eda perfecta. Sus im\u00e1genes surgen a partir de objetos o elementos cotidianos, que dispuestos creativamente para hacer una composici\u00f3n art\u00edstica y con un control extraordinario de la luz transforma estos objetos insignificantes en una imagen atractiva para el observador. Sus fotos nos llevan a un mundo de detalles que inspiran a la imaginaci\u00f3n del observador y que sin el trabajo del autor el espectador no ser\u00eda capaz de crear. Digamos que es un juego entre lo que estamos acostumbrados a percibir de los objetos y lo que nos ofrece este autor para sacar el verdadero rostro de las cosas. Madoz dispone los objetos para mostrarnos un universo posible a partir de objetos que reconocemos en un principio como innecesarios fuera del contexto en el que habitualmente nos los encontramos. Nos propone un juego entre la realidad, donde los objetos son reconocibles, y la abstracci\u00f3n, donde los objetos se trasladan de su cotidianidad, para que el espectador cuestiones sus ideas preconcebidas hacia aquellos objetos y vea otro mundo posible.<\/p>\n<p>Chema Madoz con sus fotograf\u00edas nos propone un cambio en los conceptos establecidos sobre el uso de los objetos y nos lleva a una dimensi\u00f3n cognitiva en la que lo imposible previamente se hace realidad. El espectador hace un recorrido conceptual que va desde que observa por primera vez la imagen, y en su mente surgen las ideas previas, hasta que analiza la transformaci\u00f3n de un mundo improbable pero no imposible y le da significado a la imagen. Esa es la grandeza de la fotograf\u00eda de Chema Madoz, la transformaci\u00f3n que hace en el plano de las ideas del espectador. Como nos propone en sus m\u00faltiples exposiciones<strong>, siendo la \u00faltima en Madrid con el t\u00edtulo<\/strong> <em>La naturaleza de las cosas. Chema Madoz<\/em>.<\/p>\n<p>Su m\u00e9todo es sencillo y minimalista, como el mismo ha comentado \u201cutilizo el blanco y negro para que las im\u00e1genes sean m\u00e1s abstractas, intento jugar con el m\u00ednimo de elementos posibles, quedando en muchos casos reducidos a la m\u00ednima expresi\u00f3n\u201d.<\/p>\n<p>Algo que dice mucho de este fot\u00f3grafo es que sigue utilizando para crear sus obras art\u00edsticas la tecnolog\u00eda anal\u00f3gica adaptada a la revoluci\u00f3n digital, para ello utiliza una c\u00e1mara <a href=\"https:\/\/www.hasselblad.com\/\">HASSELBLAD<\/a> de medio formato anal\u00f3gica que le proporciona una calidad excepcional.<\/p>\n<p>Como ejemplo de la t\u00e9cnica y edici\u00f3n al estilo de este artista puede visitar el siguiente art\u00edculo: <a href=\"https:\/\/drescuela.com\/chema-madoz\/#Fotografias_y_obra_de_Chema_Madoz\">So\u00f1ando con Chema Madoz<\/a> (DR Escuela).<\/p>\n","protected":false},"excerpt":{"rendered":"<p>Chema Madoz, Jos\u00e9 Mar\u00eda Rodr\u00edguez&nbsp;Madoz, nace en Madrid, un 20 de enero de 1958. Sus a\u00f1os universitarios los pas\u00f3 entre Historia del Arte en la Complutense y el Centro de Ense\u00f1anza de la Imagen donde cursa estudios de fotograf\u00eda. Es a partir de ese momento cuando Madoz empieza a trabajar la fotograf\u00eda con un estilo [&hellip;]<\/p>\n","protected":false},"author":5,"featured_media":0,"parent":0,"menu_order":0,"comment_status":"closed","ping_status":"closed","template":"","meta":{"ngg_post_thumbnail":0,"footnotes":""},"class_list":["post-4680","page","type-page","status-publish","hentry"],"_links":{"self":[{"href":"https:\/\/afalcala.com.es\/index.php?rest_route=\/wp\/v2\/pages\/4680","targetHints":{"allow":["GET"]}}],"collection":[{"href":"https:\/\/afalcala.com.es\/index.php?rest_route=\/wp\/v2\/pages"}],"about":[{"href":"https:\/\/afalcala.com.es\/index.php?rest_route=\/wp\/v2\/types\/page"}],"author":[{"embeddable":true,"href":"https:\/\/afalcala.com.es\/index.php?rest_route=\/wp\/v2\/users\/5"}],"replies":[{"embeddable":true,"href":"https:\/\/afalcala.com.es\/index.php?rest_route=%2Fwp%2Fv2%2Fcomments&post=4680"}],"version-history":[{"count":4,"href":"https:\/\/afalcala.com.es\/index.php?rest_route=\/wp\/v2\/pages\/4680\/revisions"}],"predecessor-version":[{"id":4700,"href":"https:\/\/afalcala.com.es\/index.php?rest_route=\/wp\/v2\/pages\/4680\/revisions\/4700"}],"wp:attachment":[{"href":"https:\/\/afalcala.com.es\/index.php?rest_route=%2Fwp%2Fv2%2Fmedia&parent=4680"}],"curies":[{"name":"wp","href":"https:\/\/api.w.org\/{rel}","templated":true}]}}