{"id":4668,"date":"2020-02-01T22:06:03","date_gmt":"2020-02-01T21:06:03","guid":{"rendered":"http:\/\/afalcala.com.es\/?page_id=4668"},"modified":"2020-12-03T20:13:54","modified_gmt":"2020-12-03T19:13:54","slug":"retos-2020","status":"publish","type":"page","link":"https:\/\/afalcala.com.es\/?page_id=4668","title":{"rendered":"Retos 2020"},"content":{"rendered":"\n<p>   Reto Noviembre: Clave alta <\/p>\n\n\n<p><img loading=\"lazy\" decoding=\"async\" class=\"aligncenter size-full wp-image-4853\" src=\"http:\/\/afalcala.com.es\/wp-content\/uploads\/2020\/12\/Valery-.jpg\" alt=\"\" width=\"567\" height=\"850\" srcset=\"https:\/\/afalcala.com.es\/wp-content\/uploads\/2020\/12\/Valery-.jpg 567w, https:\/\/afalcala.com.es\/wp-content\/uploads\/2020\/12\/Valery--94x141.jpg 94w\" sizes=\"auto, (max-width: 567px) 100vw, 567px\" \/><\/p>\n<p style=\"text-align: center;\">Ganador: Beatriz Montes &#8212; T\u00edtulo: Valery.<\/p>\n\n\n<p>  Reto Octubre: Seda en aguas<\/p>\n\n\n<p><img loading=\"lazy\" decoding=\"async\" class=\"aligncenter size-full wp-image-4825\" src=\"http:\/\/afalcala.com.es\/wp-content\/uploads\/2020\/11\/Aguas-de-tobera.jpg\" alt=\"\" width=\"567\" height=\"850\" srcset=\"https:\/\/afalcala.com.es\/wp-content\/uploads\/2020\/11\/Aguas-de-tobera.jpg 567w, https:\/\/afalcala.com.es\/wp-content\/uploads\/2020\/11\/Aguas-de-tobera-94x141.jpg 94w\" sizes=\"auto, (max-width: 567px) 100vw, 567px\" \/><\/p>\n<p style=\"text-align: center;\">Ganador: Nuria Rodr\u00edguez &#8212; T\u00edtulo: Aguas de Tobera.<\/p>\n\n\n<p> Reto Septiembre: Puesta de sol<\/p>\n\n\n<p><img loading=\"lazy\" decoding=\"async\" class=\"aligncenter size-full wp-image-4815\" src=\"http:\/\/afalcala.com.es\/wp-content\/uploads\/2020\/10\/despidiendo-al-sol.jpg\" alt=\"\" width=\"850\" height=\"567\" srcset=\"https:\/\/afalcala.com.es\/wp-content\/uploads\/2020\/10\/despidiendo-al-sol.jpg 850w, https:\/\/afalcala.com.es\/wp-content\/uploads\/2020\/10\/despidiendo-al-sol-211x141.jpg 211w, https:\/\/afalcala.com.es\/wp-content\/uploads\/2020\/10\/despidiendo-al-sol-768x512.jpg 768w, https:\/\/afalcala.com.es\/wp-content\/uploads\/2020\/10\/despidiendo-al-sol-150x100.jpg 150w, https:\/\/afalcala.com.es\/wp-content\/uploads\/2020\/10\/despidiendo-al-sol-120x80.jpg 120w, https:\/\/afalcala.com.es\/wp-content\/uploads\/2020\/10\/despidiendo-al-sol-180x120.jpg 180w\" sizes=\"auto, (max-width: 850px) 100vw, 850px\" \/><\/p>\n<p style=\"text-align: center;\">Ganador: Nuria Rodr\u00edguez &#8212; T\u00edtulo: Despidiendo al sol.<\/p>\n\n\n<p>Reto Junio: V\u00eda L\u00e1ctea<\/p>\n\n\n<p><img loading=\"lazy\" decoding=\"async\" class=\"aligncenter size-full wp-image-4771\" src=\"http:\/\/afalcala.com.es\/wp-content\/uploads\/2020\/07\/La-torre-entre-girasoles.jpg\" alt=\"\" width=\"850\" height=\"567\" srcset=\"https:\/\/afalcala.com.es\/wp-content\/uploads\/2020\/07\/La-torre-entre-girasoles.jpg 850w, https:\/\/afalcala.com.es\/wp-content\/uploads\/2020\/07\/La-torre-entre-girasoles-211x141.jpg 211w, https:\/\/afalcala.com.es\/wp-content\/uploads\/2020\/07\/La-torre-entre-girasoles-768x512.jpg 768w, https:\/\/afalcala.com.es\/wp-content\/uploads\/2020\/07\/La-torre-entre-girasoles-150x100.jpg 150w, https:\/\/afalcala.com.es\/wp-content\/uploads\/2020\/07\/La-torre-entre-girasoles-120x80.jpg 120w, https:\/\/afalcala.com.es\/wp-content\/uploads\/2020\/07\/La-torre-entre-girasoles-180x120.jpg 180w\" sizes=\"auto, (max-width: 850px) 100vw, 850px\" \/><\/p>\n<p style=\"text-align: center;\">Ganador: Paqui P\u00e9rez &#8212; T\u00edtulo: La Torre entre girasoles.<\/p>\n\n\n<p>Reto Mayo: Larga exposici\u00f3n<\/p>\n\n\n<p><img loading=\"lazy\" decoding=\"async\" class=\"aligncenter size-full wp-image-4759\" src=\"http:\/\/afalcala.com.es\/wp-content\/uploads\/2020\/06\/viento-norte-JETH.jpg\" alt=\"\" width=\"992\" height=\"661\" srcset=\"https:\/\/afalcala.com.es\/wp-content\/uploads\/2020\/06\/viento-norte-JETH.jpg 992w, https:\/\/afalcala.com.es\/wp-content\/uploads\/2020\/06\/viento-norte-JETH-212x141.jpg 212w, https:\/\/afalcala.com.es\/wp-content\/uploads\/2020\/06\/viento-norte-JETH-768x512.jpg 768w, https:\/\/afalcala.com.es\/wp-content\/uploads\/2020\/06\/viento-norte-JETH-150x100.jpg 150w, https:\/\/afalcala.com.es\/wp-content\/uploads\/2020\/06\/viento-norte-JETH-120x80.jpg 120w, https:\/\/afalcala.com.es\/wp-content\/uploads\/2020\/06\/viento-norte-JETH-180x120.jpg 180w\" sizes=\"auto, (max-width: 992px) 100vw, 992px\" \/><\/p>\n<p style=\"text-align: center;\">Ganador: Juan Toronjo &#8212; T\u00edtulo: Viento del Norte.<\/p>\n\n\n<p>Reto Abril: Paisajes<\/p>\n\n\n<p style=\"text-align: center;\"><img loading=\"lazy\" decoding=\"async\" class=\"aligncenter size-full wp-image-4754\" src=\"http:\/\/afalcala.com.es\/wp-content\/uploads\/2020\/05\/Los-colores-de-aquel-atardecer.jpg\" alt=\"\" width=\"850\" height=\"567\" srcset=\"https:\/\/afalcala.com.es\/wp-content\/uploads\/2020\/05\/Los-colores-de-aquel-atardecer.jpg 850w, https:\/\/afalcala.com.es\/wp-content\/uploads\/2020\/05\/Los-colores-de-aquel-atardecer-211x141.jpg 211w, https:\/\/afalcala.com.es\/wp-content\/uploads\/2020\/05\/Los-colores-de-aquel-atardecer-768x512.jpg 768w, https:\/\/afalcala.com.es\/wp-content\/uploads\/2020\/05\/Los-colores-de-aquel-atardecer-150x100.jpg 150w, https:\/\/afalcala.com.es\/wp-content\/uploads\/2020\/05\/Los-colores-de-aquel-atardecer-120x80.jpg 120w, https:\/\/afalcala.com.es\/wp-content\/uploads\/2020\/05\/Los-colores-de-aquel-atardecer-180x120.jpg 180w\" sizes=\"auto, (max-width: 850px) 100vw, 850px\" \/>Ganador: Olga Rivera &#8212; T\u00edtulo: Los colores de aquel atardecer.<\/p>\n\n\n<p>  Reto Marzo: Humo<\/p>\n\n\n<p><img loading=\"lazy\" decoding=\"async\" class=\"aligncenter size-full wp-image-4734\" src=\"http:\/\/afalcala.com.es\/wp-content\/uploads\/2020\/04\/INCANDESCENTE-e1585763824759.jpg\" alt=\"\" width=\"354\" height=\"531\"><\/p>\n<p style=\"text-align: center;\">Ganador: Jose Manuel Andrade &#8212; T\u00edtulo: Incandescente<\/p>\n\n\n<p> Reto Febrero: Contraluz<\/p>\n\n\n\n<figure class=\"wp-block-image\"><img loading=\"lazy\" decoding=\"async\" width=\"850\" height=\"531\" src=\"http:\/\/afalcala.com.es\/wp-content\/uploads\/2020\/03\/Roberto-Andrade-Bici.jpg\" alt=\"\" class=\"wp-image-4723\" srcset=\"https:\/\/afalcala.com.es\/wp-content\/uploads\/2020\/03\/Roberto-Andrade-Bici.jpg 850w, https:\/\/afalcala.com.es\/wp-content\/uploads\/2020\/03\/Roberto-Andrade-Bici-226x141.jpg 226w, https:\/\/afalcala.com.es\/wp-content\/uploads\/2020\/03\/Roberto-Andrade-Bici-768x480.jpg 768w\" sizes=\"auto, (max-width: 850px) 100vw, 850px\" \/><figcaption> Ganador: Roberto Rogelio &#8212; T\u00edtulo: Bici<\/figcaption><\/figure>\n\n\n\n<p>Reto Diciembre Enero: Fiestas Navide\u00f1as<\/p>\n\n\n\n<figure class=\"wp-block-image\"><img loading=\"lazy\" decoding=\"async\" width=\"567\" height=\"675\" src=\"http:\/\/afalcala.com.es\/wp-content\/uploads\/2020\/02\/La-casa-de-Papa-N\u00f6el-567x675.jpg\" alt=\"\" class=\"wp-image-4667\"\/><figcaption>Ganador: Salvador Portillo &#8212; T\u00edtulo: La casa de Pap\u00e1 Noel<\/figcaption><\/figure>\n","protected":false},"excerpt":{"rendered":"<p>Reto Noviembre: Clave alta Ganador: Beatriz Montes &#8212; T\u00edtulo: Valery. Reto Octubre: Seda en aguas Ganador: Nuria Rodr\u00edguez &#8212; T\u00edtulo: Aguas de Tobera. Reto Septiembre: Puesta de sol Ganador: Nuria Rodr\u00edguez &#8212; T\u00edtulo: Despidiendo al sol. Reto Junio: V\u00eda L\u00e1ctea Ganador: Paqui P\u00e9rez &#8212; T\u00edtulo: La Torre entre girasoles. Reto Mayo: Larga exposici\u00f3n Ganador: Juan [&hellip;]<\/p>\n","protected":false},"author":5,"featured_media":0,"parent":0,"menu_order":0,"comment_status":"closed","ping_status":"closed","template":"","meta":{"ngg_post_thumbnail":0,"footnotes":""},"class_list":["post-4668","page","type-page","status-publish","hentry"],"_links":{"self":[{"href":"https:\/\/afalcala.com.es\/index.php?rest_route=\/wp\/v2\/pages\/4668","targetHints":{"allow":["GET"]}}],"collection":[{"href":"https:\/\/afalcala.com.es\/index.php?rest_route=\/wp\/v2\/pages"}],"about":[{"href":"https:\/\/afalcala.com.es\/index.php?rest_route=\/wp\/v2\/types\/page"}],"author":[{"embeddable":true,"href":"https:\/\/afalcala.com.es\/index.php?rest_route=\/wp\/v2\/users\/5"}],"replies":[{"embeddable":true,"href":"https:\/\/afalcala.com.es\/index.php?rest_route=%2Fwp%2Fv2%2Fcomments&post=4668"}],"version-history":[{"count":15,"href":"https:\/\/afalcala.com.es\/index.php?rest_route=\/wp\/v2\/pages\/4668\/revisions"}],"predecessor-version":[{"id":4854,"href":"https:\/\/afalcala.com.es\/index.php?rest_route=\/wp\/v2\/pages\/4668\/revisions\/4854"}],"wp:attachment":[{"href":"https:\/\/afalcala.com.es\/index.php?rest_route=%2Fwp%2Fv2%2Fmedia&parent=4668"}],"curies":[{"name":"wp","href":"https:\/\/api.w.org\/{rel}","templated":true}]}}